{"id":148,"date":"2023-02-21T08:46:05","date_gmt":"2023-02-21T08:46:05","guid":{"rendered":"http:\/\/banphanmem.bkns.biz\/?page_id=148"},"modified":"2023-02-21T08:46:05","modified_gmt":"2023-02-21T08:46:05","slug":"chinh-sach-doi-tra","status":"publish","type":"page","link":"http:\/\/banphanmem.bkns.biz\/?page_id=148","title":{"rendered":"Ch\u00ednh s\u00e1ch \u0111\u1ed5i tr\u1ea3"},"content":{"rendered":"","protected":false},"excerpt":{"rendered":"","protected":false},"author":1,"featured_media":0,"parent":0,"menu_order":0,"comment_status":"closed","ping_status":"closed","template":"","meta":{"_acf_changed":false,"footnotes":""},"class_list":["post-148","page","type-page","status-publish","hentry"],"acf":[],"_links":{"self":[{"href":"http:\/\/banphanmem.bkns.biz\/index.php?rest_route=\/wp\/v2\/pages\/148","targetHints":{"allow":["GET"]}}],"collection":[{"href":"http:\/\/banphanmem.bkns.biz\/index.php?rest_route=\/wp\/v2\/pages"}],"about":[{"href":"http:\/\/banphanmem.bkns.biz\/index.php?rest_route=\/wp\/v2\/types\/page"}],"author":[{"embeddable":true,"href":"http:\/\/banphanmem.bkns.biz\/index.php?rest_route=\/wp\/v2\/users\/1"}],"replies":[{"embeddable":true,"href":"http:\/\/banphanmem.bkns.biz\/index.php?rest_route=%2Fwp%2Fv2%2Fcomments&post=148"}],"version-history":[{"count":1,"href":"http:\/\/banphanmem.bkns.biz\/index.php?rest_route=\/wp\/v2\/pages\/148\/revisions"}],"predecessor-version":[{"id":149,"href":"http:\/\/banphanmem.bkns.biz\/index.php?rest_route=\/wp\/v2\/pages\/148\/revisions\/149"}],"wp:attachment":[{"href":"http:\/\/banphanmem.bkns.biz\/index.php?rest_route=%2Fwp%2Fv2%2Fmedia&parent=148"}],"curies":[{"name":"wp","href":"https:\/\/api.w.org\/{rel}","templated":true}]}}