{"id":101,"date":"2023-02-21T03:16:34","date_gmt":"2023-02-21T03:16:34","guid":{"rendered":"http:\/\/banphanmem.bkns.biz\/?post_type=product&#038;p=101"},"modified":"2023-02-21T03:28:09","modified_gmt":"2023-02-21T03:28:09","slug":"key-windows-11-pro-ban-quyen-suot-doi","status":"publish","type":"product","link":"http:\/\/banphanmem.bkns.biz\/?product=key-windows-11-pro-ban-quyen-suot-doi","title":{"rendered":"Key Windows 11 Pro b\u1ea3n quy\u1ec1n su\u1ed1t \u0111\u1eddi"},"content":{"rendered":"<h2><span id=\"Key_Windows_10_Pro_8211_Chi_tiet_san_pham\">Key Windows 10 Pro, mua 1 l\u1ea7n \u2013 s\u1eed d\u1ee5ng su\u1ed1t \u0111\u1eddi<\/span><\/h2>\n<p>\u2013 Mua <strong>Key Windows 10 Pro<\/strong> b\u1ea3n quy\u1ec1n 32\/64 bit, <span id=\"Key_Windows_10_Pro_8211_Chi_tiet_san_pham\">s\u1eed d\u1ee5ng <\/span>v\u0129nh vi\u1ec5n\u00a0<span id=\"Key_Windows_10_Pro_8211_Chi_tiet_san_pham\">tr\u00ean 1 m\u00e1y<\/span><\/p>\n<p>\u2013 \u0110\u00e2y l\u00e0 KEY Digital c\u1ea5p ph\u00e9p d\u1ea1ng k\u1ef9 thu\u1eadt s\u1ed1, Kh\u00f4ng c\u00f3 CD v\u00e0 H\u1ed9p.<\/p>\n<p>\u2013 Key ch\u00ednh h\u00e3ng t\u1eeb Microsoft, <strong>b\u1ea3o h\u00e0nh tr\u1ecdn \u0111\u1eddi 1 m\u00e1y<\/strong><\/p>\n<p>\u2013 C\u1eadp nh\u1eadt \u0111\u1ea7y \u0111\u1ee7, Update tho\u1ea3i m\u00e1i, h\u1ed7 tr\u1ee3 nhi\u1ec1u ng\u00f4n ng\u1eef<\/p>\n<p>\u2013 Key \u0103n theo main n\u00ean khi c\u00e0i l\u1ea1i Win th\u00ec n\u00f3 s\u1ebd t\u1ef1 k\u00edch ho\u1ea1t l\u1ea1i tr\u00ean main c\u0169<\/p>\n<p>\u2013 \u0110\u1ec3 c\u00e0i \u0111\u1eb7t Windows 10 Pro b\u1ea3n quy\u1ec1n, b\u1ea1n v\u00e0o<strong><a href=\"https:\/\/www.microsoft.com\/en-us\/software-download\/windows10\" target=\"_blank\" rel=\"noopener noreferrer\"> web Microsoft \u0111\u1ec3 t\u1ea3i b\u1ea3n m\u1edbi nh\u1ea5t<\/a>.<\/strong><\/p>\n<h4><strong>*Giao h\u00e0ng:<\/strong><\/h4>\n<p>\u2013 M\u00e3 Key s\u1ebd \u0111\u01b0\u1ee3c g\u1eedi v\u00e0o email c\u1ee7a kh\u00e1ch h\u00e0ng <strong>trong v\u00f2ng 5 ph\u00fat<\/strong> sau khi thanh to\u00e1n th\u00e0nh c\u00f4ng.<\/p>\n<h4><strong>*Ho\u00e0n ti\u1ec1n:<\/strong><\/h4>\n<p>\u2013 Ho\u00e0n ti\u1ec1n <strong>100%<\/strong> n\u1ebfu Key l\u1ed7i, kh\u00f4ng ho\u1ea1t \u0111\u1ed9ng.<\/p>\n<p><i>Kh\u00e1ch th\u01b0\u1eddng mua key Windows 10 pro v\u1edbi <a href=\"https:\/\/keyso1.com\/product\/ban-quyen-office-365-dung-cho-5-may-tinh\/\" target=\"_blank\" rel=\"noopener noreferrer\">Office 365<\/a> ho\u1eb7c <a href=\"https:\/\/keyso1.com\/product\/office-2019-professional-plus\/\" target=\"_blank\" rel=\"noopener\">Office 2019 ProPlus<\/a><\/i><\/p>\n<p>&nbsp;<\/p>\n<hr \/>\n<h3><span id=\"Lien_he_mua_key_Windows_11_Pro_ban_quyen_gia_re\"><strong>Li\u00ean h\u1ec7 mua key Win 10 b\u1ea3n quy\u1ec1n<\/strong><\/span><\/h3>\n<p>\u0110\u1ec3 \u0111\u01b0\u1ee3c h\u1ed7 tr\u1ee3 nhanh h\u01a1n, c\u00e1c b\u1ea1n c\u00f3 th\u1ec3 mua key Windows 10 b\u1eb1ng c\u00e1c g\u1ecdi \u0111i\u1ec7n ho\u1eb7c nh\u1eafc tin qua Zalo<strong>0932.591824<\/strong><\/p>\n<h3><strong>B\u1ea3ng gi\u00e1 key Windows 10 <\/strong><span id=\"Bang_gia_mua_key_ban_quyen_Windows_11_Gia_re_Home_Pro_Edu\"><strong>b\u1ea3n quy\u1ec1n (C\u1eadp nh\u1eadt th\u00e1ng 2\/2023)<\/strong><\/span><span id=\"Bang_gia_mua_key_ban_quyen_Windows_11_Gia_re_Home_Pro_Edu\"><strong><br \/>\n<\/strong><\/span><\/h3>\n<ul>\n<li><strong>Th\u00f4ng tin<\/strong>: Key s\u1eed d\u1ee5ng su\u1ed1t \u0111\u1eddi cho 1 m\u00e1y, c\u00f3 th\u1ec3 k\u00edch ho\u1ea1t cho c\u1ea3 b\u1ea3n 32 bit v\u00e0 64 bit.<\/li>\n<li><strong><span class=\"td_btn td_btn_sm td_round_btn\">L\u01b0u \u00fd:<\/span>\u00a0<\/strong>B\u1ea3ng gi\u00e1 \u00e1p d\u1ee5ng\u00a0<strong>1 key<\/strong>\u00a0cho\u00a0<strong>1 PC<\/strong> duy nh\u1ea5t. N\u1ebfu b\u1ea1n c\u00f3 nhu c\u1ea7u \u0111\u0103ng k\u00fd s\u1eed d\u1ee5ng cho nhi\u1ec1u PC th\u00ec li\u00ean h\u1ec7 shop \u0111\u1ec3 c\u00f3 gi\u00e1 \u01b0u \u0111\u00e3i.<\/li>\n<\/ul>\n<table width=\"500\">\n<tbody>\n<tr>\n<td width=\"229\"><strong>PHI\u00caN B\u1ea2N WINDOWS 10<\/strong><\/td>\n<td width=\"271\"><strong>B\u1ea2NG GI\u00c1\u00a0<\/strong><\/td>\n<\/tr>\n<tr>\n<td width=\"229\">Key Windows 10 Pro<\/td>\n<td width=\"271\">95k<\/td>\n<\/tr>\n<tr>\n<td width=\"229\">Key Windows 10 Home<\/td>\n<td width=\"271\">120k<\/td>\n<\/tr>\n<tr>\n<td width=\"229\">Key Windows 10 Enterprise<\/td>\n<td width=\"271\">150k<\/td>\n<\/tr>\n<tr>\n<td width=\"229\">Key Windows 10 Education<\/td>\n<td width=\"271\">95k<\/td>\n<\/tr>\n<tr>\n<td width=\"229\">Key Windows 10 Pro N<\/td>\n<td width=\"271\">95k<\/td>\n<\/tr>\n<\/tbody>\n<\/table>\n<p>&nbsp;<\/p>\n<hr \/>\n<h2>C\u00e1ch k\u00edch ho\u1ea1t Windows 10 pro b\u1ea3n quy\u1ec1n<\/h2>\n<p><strong>C\u00e0i \u0111\u00fang Windows 10 pro\u00a0-->\u00a0Nh\u1ea5n n\u00fat\u00a0B\u1eaft \u0111\u1ea7u\u00a0(Start)\u00a0-&gt;\u00a0C\u00e0i \u0111\u1eb7t\u00a0(Settings)\u00a0-&gt;\u00a0C\u1eadp nh\u1eadt &amp; B\u1ea3o m\u1eadt\u00a0(Update &amp; Security)\u00a0-&gt;\u00a0K\u00edch ho\u1ea1t\u00a0(Activation)\u00a0-&gt;\u00a0Nh\u1eadp key\u00a0(Change Product key)<\/strong><\/p>\n<hr \/>\n<h2>H\u01b0\u1edbng d\u1eabn n\u00e2ng c\u1ea5p t\u1eeb Windows 10 Home l\u00ean Windows 10 Pro<\/h2>\n<p>N\u1ebfu b\u1ea1n \u0111ang s\u1eed d\u1ee5ng phi\u00ean b\u1ea3n Windows 10 Home\/Home Single Language th\u00ec h\u00e3y s\u1eed d\u1ee5ng m\u1ed9t trong c\u00e1c KEY sau \u0111\u1ec3 n\u00e2ng c\u1ea5p l\u00ean Windows 10 Pro:<\/p>\n<p><strong>HNGJD-PDHQM-YP3B6-YVHPT-MKMP6<\/strong><\/p>\n<p><strong>MNBT2-84W4Q-FYW44-P86H7-B7V26<\/strong><\/p>\n<p><strong>3VVC4-NY46D-MPW8P-JKXR7-M4G6T<\/strong><\/p>\n<p><strong>N72PW-7GQ32-K8PGR-JHQC9-JXCKG<\/strong><\/p>\n<p><strong>2YYWP-8TNM3-TVW8F-7KF7X-H6DGT<\/strong><\/p>\n<p>Nh\u1ea5n n\u00fat\u00a0B\u1eaft \u0111\u1ea7u\u00a0(Start)\u00a0-&gt;\u00a0C\u00e0i \u0111\u1eb7t\u00a0(Settings)\u00a0-&gt;\u00a0C\u1eadp nh\u1eadt &amp; B\u1ea3o m\u1eadt\u00a0(Update &amp; Security)\u00a0-&gt;\u00a0K\u00edch ho\u1ea1t\u00a0(Activation) -&gt; Nh\u1eadp key \u0111\u1ec3 n\u00e2ng c\u1ea5p (Change Product key)<\/p>\n<p>Qu\u00e1 tr\u00ecnh c\u1eadp nh\u1eadt l\u00ean phi\u00ean b\u1ea3n Windows 10 Pro di\u1ec5n ra r\u1ea5t nhanh ch\u00f3ng, an to\u00e0n v\u00e0 \u0111\u1ea3m b\u1ea3o kh\u00f4ng \u1ea3nh h\u01b0\u1edfng \u0111\u1ebfn d\u1eef li\u1ec7u tr\u00ean c\u1ee7a ng\u01b0\u1eddi d\u00f9ng.<\/p>\n<p><strong>L\u01b0u \u00fd: <\/strong><\/p>\n<p><em>\u2013 Trong qu\u00e1 tr\u00ecnh n\u00e2ng c\u1ea5p, n\u1ebfu c\u00f3 th\u00f4ng b\u00e1o l\u1ed7i th\u00ec vui l\u00f2ng kh\u1edfi \u0111\u1ed9ng (Restart)\u00a0l\u1ea1i m\u00e1y t\u00ednh \u0111\u1ec3 h\u1ec7 th\u1ed1ng c\u1eadp nh\u1eadt v\u00e0 n\u00e2ng c\u1ea5p l\u00ean Windows 10 pro.<\/em><\/p>\n<p><em>\u2013 C\u00e1c Key tr\u00ean ch\u1ec9 l\u00e0 key trung gian chuy\u1ec3n \u0111\u1ed5i phi\u00ean b\u1ea3n Windows, n\u00f3 ch\u1ec9 c\u00f3 t\u00e1c d\u1ee5ng n\u00e2ng c\u1ea5p l\u00ean Windows 10 Pro (Kh\u00f4ng d\u00f9ng key tr\u00ean \u0111\u1ec3 k\u00edch ho\u1ea1t b\u1ea3n quy\u1ec1n Windows \u0111\u01b0\u1ee3c nh\u00e9).<\/em><\/p>\n<p>N\u1ebfu\u00a0m\u00e1y b\u1ea1n ch\u01b0a c\u00f3 b\u1ea3n quy\u1ec1n Windows 10 Pro, b\u1ea1n c\u00f3 th\u1ec3 mua Key Windows 10 Pro 32\/64 bit b\u1ea3n quy\u1ec1n v\u0129nh vi\u1ec5n t\u1ea1i web web <strong>Keyso1.com<\/strong>\u00a0\u0111\u1ec3 \u0111\u01b0\u1ee3c s\u1eed d\u1ee5ng \u0111\u1ea7y \u0111\u1ee7 c\u00e1c t\u00ednh n\u0103ng c\u1ee7a n\u00f3.<\/p>\n","protected":false},"excerpt":{"rendered":"<p>Key Windows 10 Pro, mua 1 l\u1ea7n \u2013 s\u1eed d\u1ee5ng su\u1ed1t \u0111\u1eddi \u2013 Mua Key Windows 10 Pro b\u1ea3n quy\u1ec1n 32\/64 bit, s\u1eed d\u1ee5ng v\u0129nh vi\u1ec5n\u00a0tr\u00ean 1 m\u00e1y \u2013 \u0110\u00e2y l\u00e0 KEY Digital c\u1ea5p ph\u00e9p d\u1ea1ng k\u1ef9 thu\u1eadt s\u1ed1, Kh\u00f4ng c\u00f3 CD v\u00e0 H\u1ed9p. \u2013 Key ch\u00ednh h\u00e3ng t\u1eeb Microsoft, b\u1ea3o h\u00e0nh tr\u1ecdn \u0111\u1eddi 1 [&#8230;]\n","protected":false},"featured_media":18,"comment_status":"open","ping_status":"closed","template":"","meta":{"_acf_changed":false},"product_brand":[],"product_cat":[17],"product_tag":[],"class_list":{"0":"post-101","1":"product","2":"type-product","3":"status-publish","4":"has-post-thumbnail","6":"product_cat-window","8":"first","9":"instock","10":"sale","11":"featured","12":"shipping-taxable","13":"purchasable","14":"product-type-simple"},"acf":[],"_links":{"self":[{"href":"http:\/\/banphanmem.bkns.biz\/index.php?rest_route=\/wp\/v2\/product\/101","targetHints":{"allow":["GET"]}}],"collection":[{"href":"http:\/\/banphanmem.bkns.biz\/index.php?rest_route=\/wp\/v2\/product"}],"about":[{"href":"http:\/\/banphanmem.bkns.biz\/index.php?rest_route=\/wp\/v2\/types\/product"}],"replies":[{"embeddable":true,"href":"http:\/\/banphanmem.bkns.biz\/index.php?rest_route=%2Fwp%2Fv2%2Fcomments&post=101"}],"wp:featuredmedia":[{"embeddable":true,"href":"http:\/\/banphanmem.bkns.biz\/index.php?rest_route=\/wp\/v2\/media\/18"}],"wp:attachment":[{"href":"http:\/\/banphanmem.bkns.biz\/index.php?rest_route=%2Fwp%2Fv2%2Fmedia&parent=101"}],"wp:term":[{"taxonomy":"product_brand","embeddable":true,"href":"http:\/\/banphanmem.bkns.biz\/index.php?rest_route=%2Fwp%2Fv2%2Fproduct_brand&post=101"},{"taxonomy":"product_cat","embeddable":true,"href":"http:\/\/banphanmem.bkns.biz\/index.php?rest_route=%2Fwp%2Fv2%2Fproduct_cat&post=101"},{"taxonomy":"product_tag","embeddable":true,"href":"http:\/\/banphanmem.bkns.biz\/index.php?rest_route=%2Fwp%2Fv2%2Fproduct_tag&post=101"}],"curies":[{"name":"wp","href":"https:\/\/api.w.org\/{rel}","templated":true}]}}